{"id":8,"date":"2022-02-08T14:05:46","date_gmt":"2022-02-08T17:05:46","guid":{"rendered":"https:\/\/hugocalixto.com\/demos\/demo-site-10\/?page_id=6"},"modified":"2022-02-21T06:40:56","modified_gmt":"2022-02-21T09:40:56","slug":"home-prov","status":"publish","type":"page","link":"https:\/\/huuguu.com.br\/site-template-4\/","title":{"rendered":"Home Prov"},"content":{"rendered":"\n<p class=\"mt-5\">Bem-vindo(a) ao nosso template de site n\u00famero 4.<\/p>\n\n\n\n<p>Ele ilustra um logotipo a esquerda, menu a esquerda, adicionamos um topinho (com telefones, redes sociais e usamos o cor de fundo cinza) e o rodap\u00e9, n\u00f3s ilustramos com 3 colunas e com cor de fundo cinza claro.<\/p>\n\n\n\n<p>Obs.: Ao assinar um site com esse template, nada impede que voc\u00ea modifique a posi\u00e7\u00e3o do logotipo para centralizado, e o menu, posicion\u00e1-lo a esquerda ou centro, bem como, recriar o rodap\u00e9 a seu gosto.<\/p>\n\n\n\n<p>Quanto ao conte\u00fado para o seu site, em nossa landing page <a href=\"https:\/\/huuguu.com.br\/produto\/criar-site\/\" target=\"_blank\" rel=\"noopener\">CRIAR SITE<\/a> explicamos que \u00e9 poss\u00edvel criar de 2 maneiras, para relembramos, s\u00e3o elas:<\/p>\n\n\n\n<ul class=\"wp-block-list\"><li>A primeira op\u00e7\u00e3o \u00e9 voc\u00ea escolher um dos nossos modelos pr\u00e9-elaborados e depois, facilmente clicar na op\u00e7\u00e3o importar, aguardar um minuto e logo acessar as p\u00e1ginas que foram importadas para realizar o \u00faltimo passo, que \u00e9 alterar os textos e publicar a p\u00e1gina.<\/li><li>J\u00e1 a segunda, \u00e9 voc\u00ea criar as p\u00e1ginas em branco, edit\u00e1-la e clicar na op\u00e7\u00e3o biblioteca de m\u00f3dulos. Estando na biblioteca, escolher\u00e1 os m\u00f3dulos que ir\u00e3o compor a p\u00e1gina e na sequ\u00eancia, alterar os textos e configurar cada m\u00f3dulo importado como desejar.<\/li><\/ul>\n\n\n\n<p>Importante!<\/p>\n\n\n\n<p>N\u00e3o esque\u00e7a de definir sua nova principal e remover essa p\u00e1gina HOME PROV, para isso, v\u00e1 na op\u00e7\u00e3o Configura\u00e7\u00f5es e depois, Leitura, basta selecionar a nova p\u00e1gina Home e retornar a op\u00e7\u00e3o p\u00e1ginas e remover essa p\u00e1gina HOME PROV.<\/p><\/p>\n","protected":false},"excerpt":{"rendered":"<p>Bem-vindo(a) ao nosso template de site n\u00famero 4. Ele ilustra um logotipo a esquerda, menu a esquerda, adicionamos um topinho (com telefones, [&hellip;]<\/p>\n","protected":false},"author":1,"featured_media":0,"parent":0,"menu_order":0,"comment_status":"closed","ping_status":"closed","template":"","meta":{"footnotes":""},"class_list":["post-8","page","type-page","status-publish","hentry"],"_links":{"self":[{"href":"https:\/\/huuguu.com.br\/site-template-4\/wp-json\/wp\/v2\/pages\/8","targetHints":{"allow":["GET"]}}],"collection":[{"href":"https:\/\/huuguu.com.br\/site-template-4\/wp-json\/wp\/v2\/pages"}],"about":[{"href":"https:\/\/huuguu.com.br\/site-template-4\/wp-json\/wp\/v2\/types\/page"}],"author":[{"embeddable":true,"href":"https:\/\/huuguu.com.br\/site-template-4\/wp-json\/wp\/v2\/users\/1"}],"replies":[{"embeddable":true,"href":"https:\/\/huuguu.com.br\/site-template-4\/wp-json\/wp\/v2\/comments?post=8"}],"version-history":[{"count":0,"href":"https:\/\/huuguu.com.br\/site-template-4\/wp-json\/wp\/v2\/pages\/8\/revisions"}],"wp:attachment":[{"href":"https:\/\/huuguu.com.br\/site-template-4\/wp-json\/wp\/v2\/media?parent=8"}],"curies":[{"name":"wp","href":"https:\/\/api.w.org\/{rel}","templated":true}]}}