{"id":3053,"date":"2023-10-16T05:18:59","date_gmt":"2023-10-16T08:18:59","guid":{"rendered":"https:\/\/huuguu.com.br\/demo-corestore-1\/?post_type=product&#038;p=3053"},"modified":"2023-10-16T05:25:43","modified_gmt":"2023-10-16T08:25:43","slug":"agua-com-gas-acquamix-soda-15-litros","status":"publish","type":"product","link":"https:\/\/huuguu.com.br\/demo-corestore-1\/produto\/agua-com-gas-acquamix-soda-15-litros\/","title":{"rendered":"\u00c1gua Com G\u00e1s Acquamix Soda 1,5 Litros"},"content":{"rendered":"<p>Descri\u00e7\u00e3o completa do produto<\/p>\n","protected":false},"excerpt":{"rendered":"<p>Texto resumo para descrever algo atraente para o cliente<\/p>\n","protected":false},"featured_media":3054,"comment_status":"open","ping_status":"closed","template":"","meta":[],"product_brand":[],"product_cat":[44],"product_tag":[],"class_list":{"0":"post-3053","1":"product","2":"type-product","3":"status-publish","4":"has-post-thumbnail","6":"product_cat-agua","8":"first","9":"instock","10":"shipping-taxable","11":"purchasable","12":"product-type-simple"},"yoast_head":"<!-- This site is optimized with the Yoast SEO plugin v27.3 - https:\/\/yoast.com\/product\/yoast-seo-wordpress\/ -->\n<title>\u00c1gua Com G\u00e1s Acquamix Soda 1,5 Litros - Demo Loja 1<\/title>\n<meta name=\"robots\" content=\"index, follow, max-snippet:-1, max-image-preview:large, max-video-preview:-1\" \/>\n<link rel=\"canonical\" href=\"https:\/\/huuguu.com.br\/demo-corestore-1\/produto\/agua-com-gas-acquamix-soda-15-litros\/\" \/>\n<meta property=\"og:locale\" content=\"pt_BR\" \/>\n<meta property=\"og:type\" content=\"article\" \/>\n<meta property=\"og:title\" content=\"\u00c1gua Com G\u00e1s Acquamix Soda 1,5 Litros - Demo Loja 1\" \/>\n<meta property=\"og:description\" content=\"Texto resumo para descrever algo atraente para o cliente\" \/>\n<meta property=\"og:url\" content=\"https:\/\/huuguu.com.br\/demo-corestore-1\/produto\/agua-com-gas-acquamix-soda-15-litros\/\" \/>\n<meta property=\"og:site_name\" content=\"Demo Loja 1\" \/>\n<meta property=\"article:modified_time\" content=\"2023-10-16T08:25:43+00:00\" \/>\n<meta property=\"og:image\" content=\"https:\/\/huuguu.com.br\/demo-corestore-1\/wp-content\/uploads\/sites\/43\/2023\/10\/aguamix-min-jpeg.webp\" \/>\n\t<meta property=\"og:image:width\" content=\"700\" \/>\n\t<meta property=\"og:image:height\" content=\"700\" \/>\n\t<meta property=\"og:image:type\" content=\"image\/jpeg\" \/>\n<meta name=\"twitter:card\" content=\"summary_large_image\" \/>\n<meta name=\"twitter:label1\" content=\"Est. tempo de leitura\" \/>\n\t<meta name=\"twitter:data1\" content=\"1 minuto\" \/>\n<script type=\"application\/ld+json\" class=\"yoast-schema-graph\">{\"@context\":\"https:\\\/\\\/schema.org\",\"@graph\":[{\"@type\":\"WebPage\",\"@id\":\"https:\\\/\\\/huuguu.com.br\\\/demo-corestore-1\\\/produto\\\/agua-com-gas-acquamix-soda-15-litros\\\/\",\"url\":\"https:\\\/\\\/huuguu.com.br\\\/demo-corestore-1\\\/produto\\\/agua-com-gas-acquamix-soda-15-litros\\\/\",\"name\":\"\u00c1gua Com G\u00e1s Acquamix Soda 1,5 Litros - Demo Loja 1\",\"isPartOf\":{\"@id\":\"https:\\\/\\\/huuguu.com.br\\\/demo-corestore-1\\\/#website\"},\"primaryImageOfPage\":{\"@id\":\"https:\\\/\\\/huuguu.com.br\\\/demo-corestore-1\\\/produto\\\/agua-com-gas-acquamix-soda-15-litros\\\/#primaryimage\"},\"image\":{\"@id\":\"https:\\\/\\\/huuguu.com.br\\\/demo-corestore-1\\\/produto\\\/agua-com-gas-acquamix-soda-15-litros\\\/#primaryimage\"},\"thumbnailUrl\":\"https:\\\/\\\/huuguu.com.br\\\/demo-corestore-1\\\/wp-content\\\/uploads\\\/sites\\\/43\\\/2023\\\/10\\\/aguamix-min-jpeg.webp\",\"datePublished\":\"2023-10-16T08:18:59+00:00\",\"dateModified\":\"2023-10-16T08:25:43+00:00\",\"breadcrumb\":{\"@id\":\"https:\\\/\\\/huuguu.com.br\\\/demo-corestore-1\\\/produto\\\/agua-com-gas-acquamix-soda-15-litros\\\/#breadcrumb\"},\"inLanguage\":\"pt-BR\",\"potentialAction\":[{\"@type\":\"ReadAction\",\"target\":[\"https:\\\/\\\/huuguu.com.br\\\/demo-corestore-1\\\/produto\\\/agua-com-gas-acquamix-soda-15-litros\\\/\"]}]},{\"@type\":\"ImageObject\",\"inLanguage\":\"pt-BR\",\"@id\":\"https:\\\/\\\/huuguu.com.br\\\/demo-corestore-1\\\/produto\\\/agua-com-gas-acquamix-soda-15-litros\\\/#primaryimage\",\"url\":\"https:\\\/\\\/huuguu.com.br\\\/demo-corestore-1\\\/wp-content\\\/uploads\\\/sites\\\/43\\\/2023\\\/10\\\/aguamix-min-jpeg.webp\",\"contentUrl\":\"https:\\\/\\\/huuguu.com.br\\\/demo-corestore-1\\\/wp-content\\\/uploads\\\/sites\\\/43\\\/2023\\\/10\\\/aguamix-min-jpeg.webp\",\"width\":700,\"height\":700,\"caption\":\"aguamix\"},{\"@type\":\"BreadcrumbList\",\"@id\":\"https:\\\/\\\/huuguu.com.br\\\/demo-corestore-1\\\/produto\\\/agua-com-gas-acquamix-soda-15-litros\\\/#breadcrumb\",\"itemListElement\":[{\"@type\":\"ListItem\",\"position\":1,\"name\":\"In\u00edcio\",\"item\":\"https:\\\/\\\/huuguu.com.br\\\/demo-corestore-1\\\/\"},{\"@type\":\"ListItem\",\"position\":2,\"name\":\"Loja\",\"item\":\"https:\\\/\\\/huuguu.com.br\\\/demo-corestore-1\\\/loja\\\/\"},{\"@type\":\"ListItem\",\"position\":3,\"name\":\"\u00c1gua Com G\u00e1s Acquamix Soda 1,5 Litros\"}]},{\"@type\":\"WebSite\",\"@id\":\"https:\\\/\\\/huuguu.com.br\\\/demo-corestore-1\\\/#website\",\"url\":\"https:\\\/\\\/huuguu.com.br\\\/demo-corestore-1\\\/\",\"name\":\"Demo Loja 1\",\"description\":\"\",\"potentialAction\":[{\"@type\":\"SearchAction\",\"target\":{\"@type\":\"EntryPoint\",\"urlTemplate\":\"https:\\\/\\\/huuguu.com.br\\\/demo-corestore-1\\\/?s={search_term_string}\"},\"query-input\":{\"@type\":\"PropertyValueSpecification\",\"valueRequired\":true,\"valueName\":\"search_term_string\"}}],\"inLanguage\":\"pt-BR\"}]}<\/script>\n<!-- \/ Yoast SEO plugin. -->","yoast_head_json":{"title":"\u00c1gua Com G\u00e1s Acquamix Soda 1,5 Litros - Demo Loja 1","robots":{"index":"index","follow":"follow","max-snippet":"max-snippet:-1","max-image-preview":"max-image-preview:large","max-video-preview":"max-video-preview:-1"},"canonical":"https:\/\/huuguu.com.br\/demo-corestore-1\/produto\/agua-com-gas-acquamix-soda-15-litros\/","og_locale":"pt_BR","og_type":"article","og_title":"\u00c1gua Com G\u00e1s Acquamix Soda 1,5 Litros - Demo Loja 1","og_description":"Texto resumo para descrever algo atraente para o cliente","og_url":"https:\/\/huuguu.com.br\/demo-corestore-1\/produto\/agua-com-gas-acquamix-soda-15-litros\/","og_site_name":"Demo Loja 1","article_modified_time":"2023-10-16T08:25:43+00:00","og_image":[{"width":700,"height":700,"url":"https:\/\/huuguu.com.br\/demo-corestore-1\/wp-content\/uploads\/sites\/43\/2023\/10\/aguamix-min-jpeg.webp","type":"image\/jpeg"}],"twitter_card":"summary_large_image","twitter_misc":{"Est. tempo de leitura":"1 minuto"},"schema":{"@context":"https:\/\/schema.org","@graph":[{"@type":"WebPage","@id":"https:\/\/huuguu.com.br\/demo-corestore-1\/produto\/agua-com-gas-acquamix-soda-15-litros\/","url":"https:\/\/huuguu.com.br\/demo-corestore-1\/produto\/agua-com-gas-acquamix-soda-15-litros\/","name":"\u00c1gua Com G\u00e1s Acquamix Soda 1,5 Litros - Demo Loja 1","isPartOf":{"@id":"https:\/\/huuguu.com.br\/demo-corestore-1\/#website"},"primaryImageOfPage":{"@id":"https:\/\/huuguu.com.br\/demo-corestore-1\/produto\/agua-com-gas-acquamix-soda-15-litros\/#primaryimage"},"image":{"@id":"https:\/\/huuguu.com.br\/demo-corestore-1\/produto\/agua-com-gas-acquamix-soda-15-litros\/#primaryimage"},"thumbnailUrl":"https:\/\/huuguu.com.br\/demo-corestore-1\/wp-content\/uploads\/sites\/43\/2023\/10\/aguamix-min-jpeg.webp","datePublished":"2023-10-16T08:18:59+00:00","dateModified":"2023-10-16T08:25:43+00:00","breadcrumb":{"@id":"https:\/\/huuguu.com.br\/demo-corestore-1\/produto\/agua-com-gas-acquamix-soda-15-litros\/#breadcrumb"},"inLanguage":"pt-BR","potentialAction":[{"@type":"ReadAction","target":["https:\/\/huuguu.com.br\/demo-corestore-1\/produto\/agua-com-gas-acquamix-soda-15-litros\/"]}]},{"@type":"ImageObject","inLanguage":"pt-BR","@id":"https:\/\/huuguu.com.br\/demo-corestore-1\/produto\/agua-com-gas-acquamix-soda-15-litros\/#primaryimage","url":"https:\/\/huuguu.com.br\/demo-corestore-1\/wp-content\/uploads\/sites\/43\/2023\/10\/aguamix-min-jpeg.webp","contentUrl":"https:\/\/huuguu.com.br\/demo-corestore-1\/wp-content\/uploads\/sites\/43\/2023\/10\/aguamix-min-jpeg.webp","width":700,"height":700,"caption":"aguamix"},{"@type":"BreadcrumbList","@id":"https:\/\/huuguu.com.br\/demo-corestore-1\/produto\/agua-com-gas-acquamix-soda-15-litros\/#breadcrumb","itemListElement":[{"@type":"ListItem","position":1,"name":"In\u00edcio","item":"https:\/\/huuguu.com.br\/demo-corestore-1\/"},{"@type":"ListItem","position":2,"name":"Loja","item":"https:\/\/huuguu.com.br\/demo-corestore-1\/loja\/"},{"@type":"ListItem","position":3,"name":"\u00c1gua Com G\u00e1s Acquamix Soda 1,5 Litros"}]},{"@type":"WebSite","@id":"https:\/\/huuguu.com.br\/demo-corestore-1\/#website","url":"https:\/\/huuguu.com.br\/demo-corestore-1\/","name":"Demo Loja 1","description":"","potentialAction":[{"@type":"SearchAction","target":{"@type":"EntryPoint","urlTemplate":"https:\/\/huuguu.com.br\/demo-corestore-1\/?s={search_term_string}"},"query-input":{"@type":"PropertyValueSpecification","valueRequired":true,"valueName":"search_term_string"}}],"inLanguage":"pt-BR"}]}},"_links":{"self":[{"href":"https:\/\/huuguu.com.br\/demo-corestore-1\/wp-json\/wp\/v2\/product\/3053","targetHints":{"allow":["GET"]}}],"collection":[{"href":"https:\/\/huuguu.com.br\/demo-corestore-1\/wp-json\/wp\/v2\/product"}],"about":[{"href":"https:\/\/huuguu.com.br\/demo-corestore-1\/wp-json\/wp\/v2\/types\/product"}],"replies":[{"embeddable":true,"href":"https:\/\/huuguu.com.br\/demo-corestore-1\/wp-json\/wp\/v2\/comments?post=3053"}],"wp:featuredmedia":[{"embeddable":true,"href":"https:\/\/huuguu.com.br\/demo-corestore-1\/wp-json\/wp\/v2\/media\/3054"}],"wp:attachment":[{"href":"https:\/\/huuguu.com.br\/demo-corestore-1\/wp-json\/wp\/v2\/media?parent=3053"}],"wp:term":[{"taxonomy":"product_brand","embeddable":true,"href":"https:\/\/huuguu.com.br\/demo-corestore-1\/wp-json\/wp\/v2\/product_brand?post=3053"},{"taxonomy":"product_cat","embeddable":true,"href":"https:\/\/huuguu.com.br\/demo-corestore-1\/wp-json\/wp\/v2\/product_cat?post=3053"},{"taxonomy":"product_tag","embeddable":true,"href":"https:\/\/huuguu.com.br\/demo-corestore-1\/wp-json\/wp\/v2\/product_tag?post=3053"}],"curies":[{"name":"wp","href":"https:\/\/api.w.org\/{rel}","templated":true}]}}